{"id":2239,"date":"2023-07-14T20:40:58","date_gmt":"2023-07-14T20:40:58","guid":{"rendered":"https:\/\/haloaestheticsbar.com\/?page_id=2239"},"modified":"2023-07-24T17:59:33","modified_gmt":"2023-07-24T17:59:33","slug":"careinstractions-es","status":"publish","type":"page","link":"https:\/\/haloaestheticsbar.com\/ja\/careinstractions-es\/","title":{"rendered":"Care Instractions ES"},"content":{"rendered":"<p>[et_pb_section fb_built=&#8221;1&#8243; fullwidth=&#8221;on&#8221; _builder_version=&#8221;4.21.0&#8243; _module_preset=&#8221;default&#8221; background_image=&#8221;https:\/\/haloaestheticsbar.com\/wp-content\/uploads\/2023\/02\/kaboompics_black-dried-palm-leaves-black-ceramic-vase-backgrounds-29556-scaled.jpg&#8221; locked=&#8221;off&#8221; global_colors_info=&#8221;{}&#8221;][et_pb_fullwidth_header title=&#8221;Pre\/After Care instractions&#8221; _builder_version=&#8221;4.21.0&#8243; _module_preset=&#8221;default&#8221; title_font=&#8221;DM Serif Display|700|||||||&#8221; title_font_size=&#8221;65px&#8221; background_image=&#8221;https:\/\/haloaestheticsbar.com\/wp-content\/uploads\/2023\/02\/kaboompics_black-dried-palm-leaves-black-ceramic-vase-backgrounds-29556-scaled.jpg&#8221; global_colors_info=&#8221;{}&#8221;][\/et_pb_fullwidth_header][\/et_pb_section][et_pb_section fb_built=&#8221;1&#8243; _builder_version=&#8221;4.21.0&#8243; _module_preset=&#8221;default&#8221; global_colors_info=&#8221;{}&#8221;][et_pb_row _builder_version=&#8221;4.21.0&#8243; _module_preset=&#8221;default&#8221; global_colors_info=&#8221;{}&#8221;][et_pb_column type=&#8221;4_4&#8243; _builder_version=&#8221;4.21.0&#8243; _module_preset=&#8221;default&#8221; global_colors_info=&#8221;{}&#8221;][et_pb_text _builder_version=&#8221;4.21.0&#8243; _module_preset=&#8221;default&#8221; header_font=&#8221;DM Serif Display||||||||&#8221; header_font_size=&#8221;65px&#8221; header_font_size_tablet=&#8221;&#8221; header_font_size_phone=&#8221;45px&#8221; header_font_size_last_edited=&#8221;on|phone&#8221; global_colors_info=&#8221;{}&#8221;]<\/p>\n<h1>Morpheus8 Cuidados<\/h1>\n<h1>Previos\/Posteriores<\/h1>\n<p>[\/et_pb_text][et_pb_text _builder_version=&#8221;4.21.0&#8243; _module_preset=&#8221;default&#8221; text_font_size=&#8221;17px&#8221; header_font=&#8221;DM Serif Display||||||||&#8221; header_4_font=&#8221;Actor||||||||&#8221; header_4_font_size=&#8221;20px&#8221; header_4_line_height=&#8221;1.3em&#8221; global_colors_info=&#8221;{}&#8221;]<\/p>\n<p>&nbsp;<\/p>\n<h1><b>Cuidado previo al tratamiento:<\/b><\/h1>\n<p><b><\/b><\/p>\n<ul>\n<li>\n<h4><span style=\"font-weight: 400;\">Para minimizar los riesgos de aparici\u00f3n de hematomas, es mejor evitar el consumo de aspirina, medicamentos antiinflamatorios como el ibuprofeno, suplementos herbales, vitamina E y aceite de pescado al menos una semana antes del d\u00eda del tratamiento, si se permite.<\/span><span style=\"font-weight: 400;\"><br \/><\/span><span style=\"font-weight: 400;\"><\/span><\/h4>\n<\/li>\n<li>\n<h4><span style=\"font-weight: 400;\">Se recomienda evitar el uso de productos con retinol, antibi\u00f3ticos t\u00f3picos, exfoliantes, etc., 48 horas antes del tratamiento con Morpheus8. <\/span><span style=\"font-weight: 400;\"><br \/><\/span><span style=\"font-weight: 400;\"><\/span><\/h4>\n<\/li>\n<li>\n<h4><span style=\"font-weight: 400;\">Tambi\u00e9n se recomienda evitar la exposici\u00f3n al sol o el bronceado (incluyendo camas de bronceado y productos autobronceadores) durante al menos 24 horas antes del tratamiento. <\/span><span style=\"font-weight: 400;\"><br \/><\/span><span style=\"font-weight: 400;\"><\/span><\/h4>\n<\/li>\n<li>\n<h4><span style=\"font-weight: 400;\">Hombres: Por favor, afeiten el \u00e1rea a tratar. Los pelos largos y densos impiden el contacto de los electrodos con la superficie de la piel.<\/span><\/h4>\n<\/li>\n<\/ul>\n<p>&nbsp;<\/p>\n<p>&nbsp;<\/p>\n<h1><strong>Instrucciones posteriores al cuidado:\u00a0<\/strong><\/h1>\n<p><b><\/b><\/p>\n<h4><b>LIMPIEZA:\u00a0<\/b><\/h4>\n<h4><span style=\"font-weight: 400;\">Utilice un limpiador suave o un jab\u00f3n facial con agua tibia para limpiar el rostro y seque suavemente la piel tratada hasta que se cure. Aseg\u00farese siempre de tener las manos limpias al tocar el \u00e1rea tratada.\u00a0<\/span><\/h4>\n<p>&nbsp;<\/p>\n<p><b>PROTECCI\u00d3N:<\/b><\/p>\n<h4><span style=\"font-weight: 400;\">\u00a0Utilice Aquaphor o una pomada cicatrizante hasta 48 horas despu\u00e9s del tratamiento.<\/span><\/h4>\n<h1><strong><\/strong><\/h1>\n<h1><strong><\/strong><\/h1>\n<h1><strong><\/strong><\/h1>\n<h1><strong><\/strong><\/h1>\n<h1><strong><\/strong><\/h1>\n<h1><strong><\/strong><\/h1>\n<h1><strong><\/strong><\/h1>\n<h1><strong>Despu\u00e9s del tratamiento: <\/strong><\/h1>\n<h4><span style=\"font-weight: 400;\">\u00a0<\/span><\/h4>\n<h4><strong>HIDRATACI\u00d3N: <\/strong><\/h4>\n<h4><span style=\"font-weight: 400;\">Utilice una crema hidratante suave 48 horas despu\u00e9s del tratamiento hasta que la piel se cure (Dove\/Aveeno\/Cetaphil\/Neutrogena\/o cremas hidratantes aprobadas por Spas M\u00e9dicos).<\/span><\/h4>\n<h4><b><\/b><\/h4>\n<h4><b>MAQUILLAJE:\u00a0<\/b><\/h4>\n<h4><span style=\"font-weight: 400;\">Puede aplicarse 2 d\u00edas despu\u00e9s del tratamiento. Limpie las brochas de maquillaje antes de usarlas.<\/span><\/h4>\n<h4><b><\/b><\/h4>\n<h4><b>PROTECCI\u00d3N:\u00a0<\/b><\/h4>\n<h4><span style=\"font-weight: 400;\">A partir de las 24 horas despu\u00e9s del procedimiento, aplique un protector solar de amplio espectro UVA\/UVB con un FPS30 TODO EL TIEMPO cuando est\u00e9 al aire libre. Utilice un protector solar f\u00edsico (di\u00f3xido de zinc\/titanio) diariamente. No utilice protectores solares qu\u00edmicos (oxibenzona, avobenzona, octisalato, octocrileno, homosalato y octinoxato).<\/span><\/h4>\n<h4><span style=\"font-weight: 400;\"><\/span><\/h4>\n<h4><span style=\"font-weight: 400;\">Vuelva a aplicar con frecuencia: Adem\u00e1s de reducir el riesgo futuro de c\u00e1ncer de piel, los protectores solares tambi\u00e9n reducen las arrugas y retrasan el proceso de envejecimiento.<\/span><\/h4>\n<h4><\/h4>\n<h1><b><\/b><\/h1>\n<h1><b><\/b><\/h1>\n<h1><b><\/b><\/h1>\n<h1><b><\/b><\/h1>\n<h1><b><\/b><\/h1>\n<h1><b><\/b><\/h1>\n<h1><b><\/b><\/h1>\n<h1><b>Qu\u00e9 evitar:<\/b><\/h1>\n<ul>\n<li>\n<h4><span style=\"font-weight: 400;\"> Durante al menos 7 d\u00edas despu\u00e9s del tratamiento, NO utilice \u00e1cidos alfa hidroxi, \u00e1cido beta hidroxi, retinol (vitamina A), vitamina C (en una f\u00f3rmula de pH bajo) ni ning\u00fan otro producto de cuidado de la piel considerado &#8220;activo&#8221;.<\/span><\/h4>\n<\/li>\n<li>\n<h4><span style=\"font-weight: 400;\"> Evite la exposici\u00f3n directa e intencional al sol durante al menos 24 horas. No use camas de bronceado.<\/span><\/h4>\n<\/li>\n<li>\n<h4><span style=\"font-weight: 400;\"> No nade durante al menos 24 horas despu\u00e9s del tratamiento.<\/span><\/h4>\n<\/li>\n<li>\n<h4><span style=\"font-weight: 400;\"> No haga ejercicio ni realice actividades intensas durante las primeras 24 horas despu\u00e9s del tratamiento. El sudor y los ambientes del gimnasio son perjudiciales, est\u00e1n llenos de bacterias y pueden causar reacciones adversas.<\/span><\/h4>\n<\/li>\n<\/ul>\n<h4><\/h4>\n<h4><\/h4>\n<h4><\/h4>\n<h4><\/h4>\n<p>[\/et_pb_text][et_pb_button button_text=&#8221;Atr\u00e1s&#8221; _builder_version=&#8221;4.21.0&#8243; _module_preset=&#8221;default&#8221; custom_button=&#8221;on&#8221; button_icon=&#8221;&#x23;||divi||400&#8243; button_icon_placement=&#8221;left&#8221; button_on_hover=&#8221;off&#8221; hover_enabled=&#8221;0&#8243; global_colors_info=&#8221;{}&#8221; button_url=&#8221;@ET-DC@eyJkeW5hbWljIjp0cnVlLCJjb250ZW50IjoicG9zdF9saW5rX3VybF9wYWdlIiwic2V0dGluZ3MiOnsicG9zdF9pZCI6IjIyNjgifX0=@&#8221; _dynamic_attributes=&#8221;button_url&#8221; sticky_enabled=&#8221;0&#8243;][\/et_pb_button][\/et_pb_column][\/et_pb_row][\/et_pb_section]<\/p>","protected":false},"excerpt":{"rendered":"<p>Morpheus8 Cuidados Previos\/Posteriores&nbsp; Cuidado previo al tratamiento: Para minimizar los riesgos de aparici\u00f3n de hematomas, es mejor evitar el consumo de aspirina, medicamentos antiinflamatorios como el ibuprofeno, suplementos herbales, vitamina E y aceite de pescado al menos una semana antes del d\u00eda del tratamiento, si se permite. Se recomienda evitar el uso de productos con [&hellip;]<\/p>","protected":false},"author":1,"featured_media":0,"parent":0,"menu_order":0,"comment_status":"closed","ping_status":"closed","template":"","meta":{"_et_pb_use_builder":"on","_et_pb_old_content":"","_et_gb_content_width":"","footnotes":""},"class_list":["post-2239","page","type-page","status-publish","hentry"],"_links":{"self":[{"href":"https:\/\/haloaestheticsbar.com\/ja\/wp-json\/wp\/v2\/pages\/2239","targetHints":{"allow":["GET"]}}],"collection":[{"href":"https:\/\/haloaestheticsbar.com\/ja\/wp-json\/wp\/v2\/pages"}],"about":[{"href":"https:\/\/haloaestheticsbar.com\/ja\/wp-json\/wp\/v2\/types\/page"}],"author":[{"embeddable":true,"href":"https:\/\/haloaestheticsbar.com\/ja\/wp-json\/wp\/v2\/users\/1"}],"replies":[{"embeddable":true,"href":"https:\/\/haloaestheticsbar.com\/ja\/wp-json\/wp\/v2\/comments?post=2239"}],"version-history":[{"count":7,"href":"https:\/\/haloaestheticsbar.com\/ja\/wp-json\/wp\/v2\/pages\/2239\/revisions"}],"predecessor-version":[{"id":2344,"href":"https:\/\/haloaestheticsbar.com\/ja\/wp-json\/wp\/v2\/pages\/2239\/revisions\/2344"}],"wp:attachment":[{"href":"https:\/\/haloaestheticsbar.com\/ja\/wp-json\/wp\/v2\/media?parent=2239"}],"curies":[{"name":"wp","href":"https:\/\/api.w.org\/{rel}","templated":true}]}}